{"id":125,"date":"2015-10-23T07:47:25","date_gmt":"2015-10-23T05:47:25","guid":{"rendered":"http:\/\/demo.thimpress.com\/eduma\/?page_id=125"},"modified":"2024-11-15T14:51:48","modified_gmt":"2024-11-15T13:51:48","slug":"blog","status":"publish","type":"page","link":"https:\/\/www.sigmatre.com\/index.php\/blog\/","title":{"rendered":"Blog"},"content":{"rendered":"\t\t<div data-elementor-type=\"wp-page\" data-elementor-id=\"125\" class=\"elementor elementor-125\">\n\t\t\t\t\t\t<section class=\"elementor-section elementor-top-section elementor-element elementor-element-a030930 elementor-hidden-widescreen elementor-hidden-desktop elementor-hidden-tablet elementor-hidden-mobile elementor-section-boxed elementor-section-height-default elementor-section-height-default\" data-id=\"a030930\" data-element_type=\"section\">\n\t\t\t\t\t\t<div class=\"elementor-container elementor-column-gap-default\">\n\t\t\t\t\t<div class=\"elementor-column elementor-col-100 elementor-top-column elementor-element elementor-element-229a2ac\" data-id=\"229a2ac\" data-element_type=\"column\">\n\t\t\t<div class=\"elementor-widget-wrap elementor-element-populated\">\n\t\t\t\t\t\t<div class=\"elementor-element elementor-element-ae17784 elementor-widget elementor-widget-posts\" data-id=\"ae17784\" data-element_type=\"widget\" data-widget_type=\"posts.cards\">\n\t\t\t\t<div class=\"elementor-widget-container\">\n\t\t\t\t\t \t\t\t\t<\/div>\n\t\t\t\t<\/div>\n\t\t\t\t\t<\/div>\n\t\t<\/div>\n\t\t\t\t\t<\/div>\n\t\t<\/section>\n\t\t\t\t<section class=\"elementor-section elementor-top-section elementor-element elementor-element-0059731 elementor-section-boxed elementor-section-height-default elementor-section-height-default\" data-id=\"0059731\" data-element_type=\"section\">\n\t\t\t\t\t\t<div class=\"elementor-container elementor-column-gap-default\">\n\t\t\t\t\t<div class=\"elementor-column elementor-col-100 elementor-top-column elementor-element elementor-element-8fa7d8a\" data-id=\"8fa7d8a\" data-element_type=\"column\">\n\t\t\t<div class=\"elementor-widget-wrap\">\n\t\t\t\t\t\t\t<\/div>\n\t\t<\/div>\n\t\t\t\t\t<\/div>\n\t\t<\/section>\n\t\t\t\t<section class=\"elementor-section elementor-top-section elementor-element elementor-element-e2f461e elementor-section-boxed elementor-section-height-default elementor-section-height-default\" data-id=\"e2f461e\" data-element_type=\"section\">\n\t\t\t\t\t\t<div class=\"elementor-container elementor-column-gap-default\">\n\t\t\t\t\t<div class=\"elementor-column elementor-col-100 elementor-top-column elementor-element elementor-element-f7f6c2d\" data-id=\"f7f6c2d\" data-element_type=\"column\">\n\t\t\t<div class=\"elementor-widget-wrap elementor-element-populated\">\n\t\t\t\t\t\t<div class=\"elementor-element elementor-element-4538e05 thim-ekits-post__thumbnail-position-top elementor-widget elementor-widget-thim-ekits-list-blog\" data-id=\"4538e05\" data-element_type=\"widget\" data-widget_type=\"thim-ekits-list-blog.default\">\n\t\t\t\t<div class=\"elementor-widget-container\">\n\t\t\t\t\t\t\t\t<div class=\"thim-ekits-post\">\n\t\t\t\t<div class=\"thim-ekits-post__inner\">\n\t\t\t\t\t\t\t<div class=\"thim-ekits-post__article post-20019 post type-post status-publish format-standard has-post-thumbnail hentry category-blog pmpro-has-access\">\n\t\t\t\t\t\t\t\t\t<div class=\"thim-ekits-post__thumbnail\">\n\t\t\t<a class=\"post-thumbnail\"\n\t\t\t   href=\"https:\/\/www.sigmatre.com\/index.php\/2023\/08\/04\/da-java-11-a-java-17-le-novita-piu-importanti\/\" >\n\t\t\t\t<img fetchpriority=\"high\" decoding=\"async\" width=\"300\" height=\"169\" src=\"https:\/\/www.sigmatre.com\/wp-content\/uploads\/2023\/08\/1_yIEa02vx20jdlcWWJM-L4Q-300x169.png\" class=\"attachment-medium size-medium wp-image-20026\" alt=\"\" srcset=\"https:\/\/www.sigmatre.com\/wp-content\/uploads\/2023\/08\/1_yIEa02vx20jdlcWWJM-L4Q-300x169.png 300w, https:\/\/www.sigmatre.com\/wp-content\/uploads\/2023\/08\/1_yIEa02vx20jdlcWWJM-L4Q-1024x576.png 1024w, https:\/\/www.sigmatre.com\/wp-content\/uploads\/2023\/08\/1_yIEa02vx20jdlcWWJM-L4Q-768x432.png 768w, https:\/\/www.sigmatre.com\/wp-content\/uploads\/2023\/08\/1_yIEa02vx20jdlcWWJM-L4Q-600x338.png 600w, https:\/\/www.sigmatre.com\/wp-content\/uploads\/2023\/08\/1_yIEa02vx20jdlcWWJM-L4Q.png 1280w\" sizes=\"(max-width: 300px) 100vw, 300px\" \/>\t\t\t<\/a>\n\t\t\t\t\t<\/div>\n\t\t\n\t\t\t\t\t\t<div class=\"thim-ekits-post__content\">\n\t\t\t\t<h3 class=\"thim-ekits-post__title\">\n\t\t<a href=\"https:\/\/www.sigmatre.com\/index.php\/2023\/08\/04\/da-java-11-a-java-17-le-novita-piu-importanti\/\" >\n\t\t\tDa Java 11 a Java 17: le novit\u00e0 pi\u00f9 importanti\t\t<\/a>\n\t\t<\/h3>\n\t\t \t\t<div class=\"thim-ekits-post__meta elementor-repeater-item-3615b16 m-psi-start \">\n\t\t\t\n\t\t<span class=\"thim-ekits-post__date\">\n\t\t\t\t\t\t4 Agosto 2023\t\t<\/span>\n\n\t\t\t\t<\/div>\n\n\t\t\n\t\t<div class=\"thim-ekits-post__excerpt\">\n\t\t\tDa Java 11 a Java 17: le novit\u00e0 pi\u00f9 importanti \u00a0 Di seguito presenteremo le pi\u00f9 importanti novit\u00e0 introdotte nel linguaggio a partire dalla versione...\t\t<\/div>\n\n\t\t\t\t<a class=\"thim-ekits-post__read-more\"\n\t\t   href=\"https:\/\/www.sigmatre.com\/index.php\/2023\/08\/04\/da-java-11-a-java-17-le-novita-piu-importanti\/\" >\n\t\t\tRead More \u00bb\t\t\t\t\t<\/a>\n\t\t\t\t<\/div>\n\t\t\t\t\t\t\t<\/div>\n\t\t\t\t<div class=\"thim-ekits-post__article post-20009 post type-post status-publish format-standard has-post-thumbnail hentry category-blog pmpro-has-access\">\n\t\t\t\t\t\t\t\t\t<div class=\"thim-ekits-post__thumbnail\">\n\t\t\t<a class=\"post-thumbnail\"\n\t\t\t   href=\"https:\/\/www.sigmatre.com\/index.php\/2023\/08\/04\/cosa-un-recruiter-del-mondo-it-ricerca-in-un-candidato\/\" >\n\t\t\t\t<img decoding=\"async\" width=\"300\" height=\"200\" src=\"https:\/\/www.sigmatre.com\/wp-content\/uploads\/2023\/08\/dylan-gillis-KdeqA3aTnBY-unsplash-1-scaled-300x200.jpg\" class=\"attachment-medium size-medium wp-image-20018\" alt=\"\" srcset=\"https:\/\/www.sigmatre.com\/wp-content\/uploads\/2023\/08\/dylan-gillis-KdeqA3aTnBY-unsplash-1-scaled-300x200.jpg 300w, https:\/\/www.sigmatre.com\/wp-content\/uploads\/2023\/08\/dylan-gillis-KdeqA3aTnBY-unsplash-1-scaled-1024x683.jpg 1024w, https:\/\/www.sigmatre.com\/wp-content\/uploads\/2023\/08\/dylan-gillis-KdeqA3aTnBY-unsplash-1-768x512.jpg 768w, https:\/\/www.sigmatre.com\/wp-content\/uploads\/2023\/08\/dylan-gillis-KdeqA3aTnBY-unsplash-1-scaled-1536x1024.jpg 1536w, https:\/\/www.sigmatre.com\/wp-content\/uploads\/2023\/08\/dylan-gillis-KdeqA3aTnBY-unsplash-1-scaled-2048x1366.jpg 2048w, https:\/\/www.sigmatre.com\/wp-content\/uploads\/2023\/08\/dylan-gillis-KdeqA3aTnBY-unsplash-1-scaled-600x400.jpg 600w\" sizes=\"(max-width: 300px) 100vw, 300px\" \/>\t\t\t<\/a>\n\t\t\t\t\t<\/div>\n\t\t\n\t\t\t\t\t\t<div class=\"thim-ekits-post__content\">\n\t\t\t\t<h3 class=\"thim-ekits-post__title\">\n\t\t<a href=\"https:\/\/www.sigmatre.com\/index.php\/2023\/08\/04\/cosa-un-recruiter-del-mondo-it-ricerca-in-un-candidato\/\" >\n\t\t\tCosa un recruiter del mondo IT ricerca in un candidato?\t\t<\/a>\n\t\t<\/h3>\n\t\t \t\t<div class=\"thim-ekits-post__meta elementor-repeater-item-3615b16 m-psi-start \">\n\t\t\t\n\t\t<span class=\"thim-ekits-post__date\">\n\t\t\t\t\t\t4 Agosto 2023\t\t<\/span>\n\n\t\t\t\t<\/div>\n\n\t\t\n\t\t<div class=\"thim-ekits-post__excerpt\">\n\t\t\tCosa un recruiter del mondo IT ricerca in un candidato? Il processo di ricerca e selezione del candidato ideale, soprattutto nel mondo IT, \u00e8 molto...\t\t<\/div>\n\n\t\t\t\t<a class=\"thim-ekits-post__read-more\"\n\t\t   href=\"https:\/\/www.sigmatre.com\/index.php\/2023\/08\/04\/cosa-un-recruiter-del-mondo-it-ricerca-in-un-candidato\/\" >\n\t\t\tRead More \u00bb\t\t\t\t\t<\/a>\n\t\t\t\t<\/div>\n\t\t\t\t\t\t\t<\/div>\n\t\t\t\t<div class=\"thim-ekits-post__article post-19951 post type-post status-publish format-standard has-post-thumbnail hentry category-blog pmpro-has-access\">\n\t\t\t\t\t\t\t\t\t<div class=\"thim-ekits-post__thumbnail\">\n\t\t\t<a class=\"post-thumbnail\"\n\t\t\t   href=\"https:\/\/www.sigmatre.com\/index.php\/2023\/07\/11\/formazione-post-laurea\/\" >\n\t\t\t\t<img decoding=\"async\" width=\"300\" height=\"200\" src=\"https:\/\/www.sigmatre.com\/wp-content\/uploads\/2023\/07\/alexander-grey-eMP4sYPJ9x0-unsplash-scaled-300x200.jpg\" class=\"attachment-medium size-medium wp-image-19977\" alt=\"\" srcset=\"https:\/\/www.sigmatre.com\/wp-content\/uploads\/2023\/07\/alexander-grey-eMP4sYPJ9x0-unsplash-scaled-300x200.jpg 300w, https:\/\/www.sigmatre.com\/wp-content\/uploads\/2023\/07\/alexander-grey-eMP4sYPJ9x0-unsplash-scaled-1024x683.jpg 1024w, https:\/\/www.sigmatre.com\/wp-content\/uploads\/2023\/07\/alexander-grey-eMP4sYPJ9x0-unsplash-768x512.jpg 768w, https:\/\/www.sigmatre.com\/wp-content\/uploads\/2023\/07\/alexander-grey-eMP4sYPJ9x0-unsplash-scaled-1536x1024.jpg 1536w, https:\/\/www.sigmatre.com\/wp-content\/uploads\/2023\/07\/alexander-grey-eMP4sYPJ9x0-unsplash-scaled-2048x1366.jpg 2048w, https:\/\/www.sigmatre.com\/wp-content\/uploads\/2023\/07\/alexander-grey-eMP4sYPJ9x0-unsplash-scaled-600x400.jpg 600w\" sizes=\"(max-width: 300px) 100vw, 300px\" \/>\t\t\t<\/a>\n\t\t\t\t\t<\/div>\n\t\t\n\t\t\t\t\t\t<div class=\"thim-ekits-post__content\">\n\t\t\t\t<h3 class=\"thim-ekits-post__title\">\n\t\t<a href=\"https:\/\/www.sigmatre.com\/index.php\/2023\/07\/11\/formazione-post-laurea\/\" >\n\t\t\tFormazione Post Laurea\t\t<\/a>\n\t\t<\/h3>\n\t\t \t\t<div class=\"thim-ekits-post__meta elementor-repeater-item-3615b16 m-psi-start \">\n\t\t\t\n\t\t<span class=\"thim-ekits-post__date\">\n\t\t\t\t\t\t11 Luglio 2023\t\t<\/span>\n\n\t\t\t\t<\/div>\n\n\t\t\n\t\t<div class=\"thim-ekits-post__excerpt\">\n\t\t\tIl ruolo della formazione post laurea per favorire l&#8217;ingresso nel mondo del lavoro Uno delle cose che ho imparato nei miei quindici anni di esperienza...\t\t<\/div>\n\n\t\t\t\t<a class=\"thim-ekits-post__read-more\"\n\t\t   href=\"https:\/\/www.sigmatre.com\/index.php\/2023\/07\/11\/formazione-post-laurea\/\" >\n\t\t\tRead More \u00bb\t\t\t\t\t<\/a>\n\t\t\t\t<\/div>\n\t\t\t\t\t\t\t<\/div>\n\t\t\t\t<div class=\"thim-ekits-post__article post-19941 post type-post status-publish format-standard has-post-thumbnail hentry category-blog pmpro-has-access\">\n\t\t\t\t\t\t\t\t\t<div class=\"thim-ekits-post__thumbnail\">\n\t\t\t<a class=\"post-thumbnail\"\n\t\t\t   href=\"https:\/\/www.sigmatre.com\/index.php\/2023\/07\/11\/generazionez\/\" >\n\t\t\t\t<img loading=\"lazy\" decoding=\"async\" width=\"300\" height=\"150\" src=\"https:\/\/www.sigmatre.com\/wp-content\/uploads\/2023\/07\/generazione-Z-300x150.png\" class=\"attachment-medium size-medium wp-image-19997\" alt=\"\" srcset=\"https:\/\/www.sigmatre.com\/wp-content\/uploads\/2023\/07\/generazione-Z-300x150.png 300w, https:\/\/www.sigmatre.com\/wp-content\/uploads\/2023\/07\/generazione-Z-768x384.png 768w, https:\/\/www.sigmatre.com\/wp-content\/uploads\/2023\/07\/generazione-Z-600x300.png 600w, https:\/\/www.sigmatre.com\/wp-content\/uploads\/2023\/07\/generazione-Z.png 931w\" sizes=\"(max-width: 300px) 100vw, 300px\" \/>\t\t\t<\/a>\n\t\t\t\t\t<\/div>\n\t\t\n\t\t\t\t\t\t<div class=\"thim-ekits-post__content\">\n\t\t\t\t<h3 class=\"thim-ekits-post__title\">\n\t\t<a href=\"https:\/\/www.sigmatre.com\/index.php\/2023\/07\/11\/generazionez\/\" >\n\t\t\tGenerazione Z\t\t<\/a>\n\t\t<\/h3>\n\t\t \t\t<div class=\"thim-ekits-post__meta elementor-repeater-item-3615b16 m-psi-start \">\n\t\t\t\n\t\t<span class=\"thim-ekits-post__date\">\n\t\t\t\t\t\t11 Luglio 2023\t\t<\/span>\n\n\t\t\t\t<\/div>\n\n\t\t\n\t\t<div class=\"thim-ekits-post__excerpt\">\n\t\t\t&#8220;Il futuro del lavoro per le nuove generazioni: Il cambiamento nel settore IT e le esigenze della Generazione Z&#8221; Il mondo del lavoro sta attraversando...\t\t<\/div>\n\n\t\t\t\t<a class=\"thim-ekits-post__read-more\"\n\t\t   href=\"https:\/\/www.sigmatre.com\/index.php\/2023\/07\/11\/generazionez\/\" >\n\t\t\tRead More \u00bb\t\t\t\t\t<\/a>\n\t\t\t\t<\/div>\n\t\t\t\t\t\t\t<\/div>\n\t\t\t\t<div class=\"thim-ekits-post__article post-3696 post type-post status-publish format-standard has-post-thumbnail hentry category-blog tag-wordpress pmpro-has-access\">\n\t\t\t\t\t\t\t\t\t<div class=\"thim-ekits-post__thumbnail\">\n\t\t\t<a class=\"post-thumbnail\"\n\t\t\t   href=\"https:\/\/www.sigmatre.com\/index.php\/2016\/01\/20\/come-strutturare-un-cv-vincente\/\" >\n\t\t\t\t<img loading=\"lazy\" decoding=\"async\" width=\"300\" height=\"225\" src=\"https:\/\/www.sigmatre.com\/wp-content\/uploads\/2016\/01\/joao-ferrao-4YzrcDNcRVg-unsplash-scaled-300x225.jpg\" class=\"attachment-medium size-medium wp-image-19881\" alt=\"\" srcset=\"https:\/\/www.sigmatre.com\/wp-content\/uploads\/2016\/01\/joao-ferrao-4YzrcDNcRVg-unsplash-scaled-300x225.jpg 300w, https:\/\/www.sigmatre.com\/wp-content\/uploads\/2016\/01\/joao-ferrao-4YzrcDNcRVg-unsplash-scaled-1024x768.jpg 1024w, https:\/\/www.sigmatre.com\/wp-content\/uploads\/2016\/01\/joao-ferrao-4YzrcDNcRVg-unsplash-768x576.jpg 768w, https:\/\/www.sigmatre.com\/wp-content\/uploads\/2016\/01\/joao-ferrao-4YzrcDNcRVg-unsplash-scaled-1536x1152.jpg 1536w, https:\/\/www.sigmatre.com\/wp-content\/uploads\/2016\/01\/joao-ferrao-4YzrcDNcRVg-unsplash-scaled-2048x1536.jpg 2048w, https:\/\/www.sigmatre.com\/wp-content\/uploads\/2016\/01\/joao-ferrao-4YzrcDNcRVg-unsplash-scaled-600x450.jpg 600w\" sizes=\"(max-width: 300px) 100vw, 300px\" \/>\t\t\t<\/a>\n\t\t\t\t\t<\/div>\n\t\t\n\t\t\t\t\t\t<div class=\"thim-ekits-post__content\">\n\t\t\t\t<h3 class=\"thim-ekits-post__title\">\n\t\t<a href=\"https:\/\/www.sigmatre.com\/index.php\/2016\/01\/20\/come-strutturare-un-cv-vincente\/\" >\n\t\t\tCome strutturare un cv vincente\t\t<\/a>\n\t\t<\/h3>\n\t\t \t\t<div class=\"thim-ekits-post__meta elementor-repeater-item-3615b16 m-psi-start \">\n\t\t\t\n\t\t<span class=\"thim-ekits-post__date\">\n\t\t\t\t\t\t20 Gennaio 2016\t\t<\/span>\n\n\t\t\t\t<\/div>\n\n\t\t\n\t\t<div class=\"thim-ekits-post__excerpt\">\n\t\t\tCome strutturare un cv vincente Lo smart working e le nuove modalit\u00e0 di lavoro, messe in campo a causa del Covid19, cambieranno sicuramente il modo...\t\t<\/div>\n\n\t\t\t\t<a class=\"thim-ekits-post__read-more\"\n\t\t   href=\"https:\/\/www.sigmatre.com\/index.php\/2016\/01\/20\/come-strutturare-un-cv-vincente\/\" >\n\t\t\tRead More \u00bb\t\t\t\t\t<\/a>\n\t\t\t\t<\/div>\n\t\t\t\t\t\t\t<\/div>\n\t\t\t\t<div class=\"thim-ekits-post__article post-3697 post type-post status-publish format-standard has-post-thumbnail hentry category-blog pmpro-has-access\">\n\t\t\t\t\t\t\t\t\t<div class=\"thim-ekits-post__thumbnail\">\n\t\t\t<a class=\"post-thumbnail\"\n\t\t\t   href=\"https:\/\/www.sigmatre.com\/index.php\/2016\/01\/20\/donne-nel-mondo-it\/\" >\n\t\t\t\t<img loading=\"lazy\" decoding=\"async\" width=\"300\" height=\"200\" src=\"https:\/\/www.sigmatre.com\/wp-content\/uploads\/2016\/01\/markus-winkler-97Ncs6x3NTg-unsplash-scaled-300x200.jpg\" class=\"attachment-medium size-medium wp-image-19900\" alt=\"\" srcset=\"https:\/\/www.sigmatre.com\/wp-content\/uploads\/2016\/01\/markus-winkler-97Ncs6x3NTg-unsplash-scaled-300x200.jpg 300w, https:\/\/www.sigmatre.com\/wp-content\/uploads\/2016\/01\/markus-winkler-97Ncs6x3NTg-unsplash-scaled-1024x683.jpg 1024w, https:\/\/www.sigmatre.com\/wp-content\/uploads\/2016\/01\/markus-winkler-97Ncs6x3NTg-unsplash-768x512.jpg 768w, https:\/\/www.sigmatre.com\/wp-content\/uploads\/2016\/01\/markus-winkler-97Ncs6x3NTg-unsplash-scaled-1536x1024.jpg 1536w, https:\/\/www.sigmatre.com\/wp-content\/uploads\/2016\/01\/markus-winkler-97Ncs6x3NTg-unsplash-scaled-2048x1366.jpg 2048w, https:\/\/www.sigmatre.com\/wp-content\/uploads\/2016\/01\/markus-winkler-97Ncs6x3NTg-unsplash-scaled-600x400.jpg 600w\" sizes=\"(max-width: 300px) 100vw, 300px\" \/>\t\t\t<\/a>\n\t\t\t\t\t<\/div>\n\t\t\n\t\t\t\t\t\t<div class=\"thim-ekits-post__content\">\n\t\t\t\t<h3 class=\"thim-ekits-post__title\">\n\t\t<a href=\"https:\/\/www.sigmatre.com\/index.php\/2016\/01\/20\/donne-nel-mondo-it\/\" >\n\t\t\tDonne nel Mondo IT\t\t<\/a>\n\t\t<\/h3>\n\t\t \t\t<div class=\"thim-ekits-post__meta elementor-repeater-item-3615b16 m-psi-start \">\n\t\t\t\n\t\t<span class=\"thim-ekits-post__date\">\n\t\t\t\t\t\t20 Gennaio 2016\t\t<\/span>\n\n\t\t\t\t<\/div>\n\n\t\t\n\t\t<div class=\"thim-ekits-post__excerpt\">\n\t\t\t\u201cMa che cosa fai, non \u00e8 un lavoro da donna. Come pensi di fare una volta che ti sposi e hai dei figli, chi deve...\t\t<\/div>\n\n\t\t\t\t<a class=\"thim-ekits-post__read-more\"\n\t\t   href=\"https:\/\/www.sigmatre.com\/index.php\/2016\/01\/20\/donne-nel-mondo-it\/\" >\n\t\t\tRead More \u00bb\t\t\t\t\t<\/a>\n\t\t\t\t<\/div>\n\t\t\t\t\t\t\t<\/div>\n\t\t\t\t\t\t<\/div>\n\t\t\t<\/div>\n\n\t\t\t\t\t\t\t<\/div>\n\t\t\t\t<\/div>\n\t\t\t\t\t<\/div>\n\t\t<\/div>\n\t\t\t\t\t<\/div>\n\t\t<\/section>\n\t\t\t\t<\/div>\n\t\t","protected":false},"excerpt":{"rendered":"<p>Da Java 11 a Java 17: le novit\u00e0 pi\u00f9 importanti 4 Agosto 2023 Da Java 11 a Java 17: le novit\u00e0 pi\u00f9 importanti \u00a0 Di seguito presenteremo le pi\u00f9 importanti novit\u00e0 introdotte nel linguaggio a partire dalla versione&#8230; Read More &hellip; <\/p>\n","protected":false},"author":1,"featured_media":0,"parent":0,"menu_order":0,"comment_status":"closed","ping_status":"closed","template":"","meta":{"pmpro_default_level":"","footnotes":""},"class_list":["post-125","page","type-page","status-publish","hentry","pmpro-has-access"],"_links":{"self":[{"href":"https:\/\/www.sigmatre.com\/index.php\/wp-json\/wp\/v2\/pages\/125","targetHints":{"allow":["GET"]}}],"collection":[{"href":"https:\/\/www.sigmatre.com\/index.php\/wp-json\/wp\/v2\/pages"}],"about":[{"href":"https:\/\/www.sigmatre.com\/index.php\/wp-json\/wp\/v2\/types\/page"}],"author":[{"embeddable":true,"href":"https:\/\/www.sigmatre.com\/index.php\/wp-json\/wp\/v2\/users\/1"}],"replies":[{"embeddable":true,"href":"https:\/\/www.sigmatre.com\/index.php\/wp-json\/wp\/v2\/comments?post=125"}],"version-history":[{"count":13,"href":"https:\/\/www.sigmatre.com\/index.php\/wp-json\/wp\/v2\/pages\/125\/revisions"}],"predecessor-version":[{"id":20503,"href":"https:\/\/www.sigmatre.com\/index.php\/wp-json\/wp\/v2\/pages\/125\/revisions\/20503"}],"wp:attachment":[{"href":"https:\/\/www.sigmatre.com\/index.php\/wp-json\/wp\/v2\/media?parent=125"}],"curies":[{"name":"wp","href":"https:\/\/api.w.org\/{rel}","templated":true}]}}